{"id":52,"date":"2020-03-29T10:57:20","date_gmt":"2020-03-29T09:57:20","guid":{"rendered":"https:\/\/fornace.it\/articles\/?page_id=52"},"modified":"2020-03-29T14:05:05","modified_gmt":"2020-03-29T13:05:05","slug":"piu-vicini","status":"publish","type":"page","link":"https:\/\/fornacestudio.com\/articles\/piu-vicini\/","title":{"rendered":"Pi\u00f9 vicini"},"content":{"rendered":"\n<h2 class=\"has-accent-color has-text-color has-text-align-center wp-block-heading\">\u201dL\u2019opera umana pi\u00f9 bella \u00e8 di essere utile al prossimo.\u201d<\/h2>\n\n\n\n<p class=\"has-text-align-right\">\u2013 Sofocle<\/p>\n\n\n\n<p class=\"has-drop-cap\">Il virus, nella sua micidiale crudelt\u00e0, ha esposto la grande solidariet\u00e0 delle persone. Per non lasciare nessuno indietro, tutti gli italiani &#8211; cittadini e non &#8211; hanno accettato di rinunciare alla propria libert\u00e0. Senza la retorica dei tempi di guerra. Senza richiami a orgoglio o conquiste. Ci siamo riscoperti come popolo. Un popolo che si \u00e8 unito per combattere una battaglia compassionevole. Per salvare, non per dominare.<\/p>\n\n\n\n<p>La crisi colpir\u00e0 duro tutte le aziende, oltre che le persone. Anche noi. Ma come tutti, non \u00e8 quello a cui pensiamo ora.<\/p>\n\n\n\n<p>Perch\u00e9 se possiamo fare qualcosa \u00e8 giusto farla. Ora. E allora ci siamo messi a disposizione. Oltre che come Fornace, anche come singole persone che lavorano come volontari di notte e nei fine settimana.<\/p>\n\n\n\n<p>Il nostro impegno ha generato dei progetti di pubblica utilit\u00e0, senza scopo di lucro, senza i nostri loghi sopra.<\/p>\n\n\n\n<p>Sono piccoli tool e servizi che speriamo possano rendere, grazie alla tecnologia, alcune distanze pi\u00f9 brevi.<\/p>\n\n\n\n<div class=\"wp-block-columns alignfull is-layout-flex wp-container-core-columns-is-layout-9d6595d7 wp-block-columns-is-layout-flex\">\n<div class=\"wp-block-column is-layout-flow wp-block-column-is-layout-flow\">\n<div class=\"wp-block-group\"><div class=\"wp-block-group__inner-container is-layout-flow wp-block-group-is-layout-flow\">\n<figure class=\"wp-block-image size-large\"><img loading=\"lazy\" decoding=\"async\" width=\"1024\" height=\"600\" src=\"https:\/\/fornace.it\/articles\/wp-content\/uploads\/2020\/03\/saniassieme_banner.png\" alt=\"\" class=\"wp-image-56\" srcset=\"https:\/\/fornacestudio.com\/articles\/wp-content\/uploads\/2020\/03\/saniassieme_banner.png 1024w, https:\/\/fornacestudio.com\/articles\/wp-content\/uploads\/2020\/03\/saniassieme_banner-300x176.png 300w, https:\/\/fornacestudio.com\/articles\/wp-content\/uploads\/2020\/03\/saniassieme_banner-768x450.png 768w\" sizes=\"auto, (max-width: 1024px) 100vw, 1024px\" \/><figcaption>Con: Francesco Frapporti, Martin Pham e Luca Guglielmi<\/figcaption><\/figure>\n\n\n\n<h3 class=\"wp-block-heading\">Sani Assieme<\/h3>\n\n\n\n<p>Attraverso un\u2019interfaccia tipica delle app di messagistica SaniAssieme (stopncov.org) permette di creare un\u2019autovalutazione dei sintomi e del rischio. Questa pratica permette di educare le persone sul tema COVID-19 fornendo consigli e pratiche utili per la quotidianit\u00e0. Ha capacit\u00e0 di riconoscimento linguistico grazie all&#8217;intelligenza artificiale.<\/p>\n\n\n\n<div class=\"wp-block-button is-style-outline is-style-outline--1\"><a class=\"wp-block-button__link\" href=\"https:\/\/stopncov.org\" style=\"border-radius:1px\" target=\"_blank\" rel=\"noreferrer noopener\">PROVALO<\/a><\/div>\n<\/div><\/div>\n\n\n\n<div class=\"wp-block-group\"><div class=\"wp-block-group__inner-container is-layout-flow wp-block-group-is-layout-flow\">\n<figure class=\"wp-block-image size-large\"><img loading=\"lazy\" decoding=\"async\" width=\"1024\" height=\"601\" src=\"https:\/\/fornace.it\/articles\/wp-content\/uploads\/2020\/03\/nididavanti_banner.png\" alt=\"\" class=\"wp-image-69\" srcset=\"https:\/\/fornacestudio.com\/articles\/wp-content\/uploads\/2020\/03\/nididavanti_banner.png 1024w, https:\/\/fornacestudio.com\/articles\/wp-content\/uploads\/2020\/03\/nididavanti_banner-300x176.png 300w, https:\/\/fornacestudio.com\/articles\/wp-content\/uploads\/2020\/03\/nididavanti_banner-768x451.png 768w\" sizes=\"auto, (max-width: 1024px) 100vw, 1024px\" \/><figcaption>Con: Valentina Zardini, Lorenzo e Francesco Frapporti, Mattia Tonolli, Valentin Ipuche<\/figcaption><\/figure>\n\n\n\n<h3 class=\"wp-block-heading\">Raccolta fondi<\/h3>\n\n\n\n<p>Anche a Verona i medici di famiglia sono in prima linea per prevenire il contagio e curare i malati, ma hanno bisogno di un aiuto concreto per acquistare dispositivi di protezione e per le visite domiciliari come ad esempio i pulsiossimetri per i malati. Urgentemente.<\/p>\n\n\n\n<div class=\"wp-block-button is-style-outline is-style-outline--2\"><a class=\"wp-block-button__link\" href=\"https:\/\/www.gofundme.com\/f\/acquisto-dpi-e-pulsiossimetri-per-fimmg-verona\">VAI ALLA CAMPAGNA<\/a><\/div>\n<\/div><\/div>\n\n\n\n<div class=\"wp-block-group\"><div class=\"wp-block-group__inner-container is-layout-flow wp-block-group-is-layout-flow\">\n<figure class=\"wp-block-image size-large\"><img loading=\"lazy\" decoding=\"async\" width=\"1024\" height=\"601\" src=\"https:\/\/fornace.it\/articles\/wp-content\/uploads\/2020\/03\/renaissance_banner.png\" alt=\"\" class=\"wp-image-77\" srcset=\"https:\/\/fornacestudio.com\/articles\/wp-content\/uploads\/2020\/03\/renaissance_banner.png 1024w, https:\/\/fornacestudio.com\/articles\/wp-content\/uploads\/2020\/03\/renaissance_banner-300x176.png 300w, https:\/\/fornacestudio.com\/articles\/wp-content\/uploads\/2020\/03\/renaissance_banner-768x451.png 768w\" sizes=\"auto, (max-width: 1024px) 100vw, 1024px\" \/><figcaption>Con: Valerio Capogna, Martin Pham e Camilla Ferreri<\/figcaption><\/figure>\n\n\n\n<h3 class=\"wp-block-heading\">Renaissance<\/h3>\n\n\n\n<p>Stiamo collaborando coi colleghi di Instantechnologies per dare una veste grafica ad una dashboard dati con predizioni su lungo periodo. La capacit\u00e0 predittiva sfrutta il loro innovativo metodo di analisi predittive affinch\u00e9 possa essere utile per gli gli addetti ai lavori nelle istituzioni.<\/p>\n<\/div><\/div>\n<\/div>\n\n\n\n<div class=\"wp-block-column is-layout-flow wp-block-column-is-layout-flow\">\n<div class=\"wp-block-group\"><div class=\"wp-block-group__inner-container is-layout-flow wp-block-group-is-layout-flow\">\n<figure class=\"wp-block-image size-large\"><img loading=\"lazy\" decoding=\"async\" width=\"1025\" height=\"600\" src=\"https:\/\/fornace.it\/articles\/wp-content\/uploads\/2020\/03\/ciaocoda_banner-1.png\" alt=\"\" class=\"wp-image-79\" srcset=\"https:\/\/fornacestudio.com\/articles\/wp-content\/uploads\/2020\/03\/ciaocoda_banner-1.png 1025w, https:\/\/fornacestudio.com\/articles\/wp-content\/uploads\/2020\/03\/ciaocoda_banner-1-300x176.png 300w, https:\/\/fornacestudio.com\/articles\/wp-content\/uploads\/2020\/03\/ciaocoda_banner-1-768x450.png 768w\" sizes=\"auto, (max-width: 1025px) 100vw, 1025px\" \/><figcaption>Con: Riccardo Venturini, Francesco Frapporti, Valerio Capogna, Luca Cisorio<\/figcaption><\/figure>\n\n\n\n<h3 class=\"wp-block-heading\">Ciao Coda<\/h3>\n\n\n\n<p>CiaoCoda.it \u00e8 la soluzione open source per gestire gli ingressi in supermercati, ambulatori, farmacie, e altri esercizi che offrono servizi o beni di prima necessit\u00e0, evitando il formarsi di code.<br>\u00c8 un progetto non commerciale e senza scopo di lucro.<br>Sviluppato in React e Laravel, \u00e8 scalabile e disegnato per l&#8217;usabilit\u00e0 anche per persone anziane.<\/p>\n\n\n\n<div class=\"wp-block-button is-style-outline is-style-outline--3\"><a class=\"wp-block-button__link\" href=\"https:\/\/ciaocoda.it\" target=\"_blank\" rel=\"noreferrer noopener\">PROVALO<\/a><\/div>\n<\/div><\/div>\n\n\n\n<div class=\"wp-block-group\"><div class=\"wp-block-group__inner-container is-layout-flow wp-block-group-is-layout-flow\">\n<figure class=\"wp-block-image size-large\"><img loading=\"lazy\" decoding=\"async\" width=\"1025\" height=\"601\" src=\"https:\/\/fornace.it\/articles\/wp-content\/uploads\/2020\/03\/netmedica_banner.png\" alt=\"\" class=\"wp-image-71\" srcset=\"https:\/\/fornacestudio.com\/articles\/wp-content\/uploads\/2020\/03\/netmedica_banner.png 1025w, https:\/\/fornacestudio.com\/articles\/wp-content\/uploads\/2020\/03\/netmedica_banner-300x176.png 300w, https:\/\/fornacestudio.com\/articles\/wp-content\/uploads\/2020\/03\/netmedica_banner-768x450.png 768w\" sizes=\"auto, (max-width: 1025px) 100vw, 1025px\" \/><figcaption>Con: Francesco Frapporti, Valerio Capogna, Martin Pham<\/figcaption><\/figure>\n\n\n\n<h3 class=\"wp-block-heading\">Netmedica<\/h3>\n\n\n\n<p>Stiamo collaborando con Netmedica, la societ\u00e0 informatica di FIMMG (Federazione Italiana dei Medici di Medicina Generale), perch\u00e9 la tecnologia possa velocemente aiutare le persone che ne hanno bisogno.<\/p>\n\n\n\n<p>in arrivo<\/p>\n<\/div><\/div>\n\n\n\n<div class=\"wp-block-group\"><div class=\"wp-block-group__inner-container is-layout-flow wp-block-group-is-layout-flow\">\n<figure class=\"wp-block-image size-large\"><img loading=\"lazy\" decoding=\"async\" width=\"1025\" height=\"601\" src=\"https:\/\/fornace.it\/articles\/wp-content\/uploads\/2020\/03\/cov19xyz_banner.png\" alt=\"\" class=\"wp-image-78\" srcset=\"https:\/\/fornacestudio.com\/articles\/wp-content\/uploads\/2020\/03\/cov19xyz_banner.png 1025w, https:\/\/fornacestudio.com\/articles\/wp-content\/uploads\/2020\/03\/cov19xyz_banner-300x176.png 300w, https:\/\/fornacestudio.com\/articles\/wp-content\/uploads\/2020\/03\/cov19xyz_banner-768x450.png 768w\" sizes=\"auto, (max-width: 1025px) 100vw, 1025px\" \/><figcaption>Di: Martin Pham (progetto personale)<\/figcaption><\/figure>\n\n\n\n<h3 class=\"wp-block-heading\">COV19.xyz<\/h3>\n\n\n\n<p>Una ricca dashboard dati con informazioni importanti per la prevenzione e l&#8217;analisi.  Contiene i dati di tutto il mondo, con un focus specifico sull&#8217;Italia. Realizzata in react e aggiornata in tempo reale.<\/p>\n\n\n\n<div class=\"wp-block-button is-style-outline is-style-outline--4\"><a class=\"wp-block-button__link\" href=\"https:\/\/www.cov19.xyz\">Vai ai dati<\/a><\/div>\n<\/div><\/div>\n<\/div>\n<\/div>\n\n\n\n<figure class=\"wp-block-image alignwide size-large\"><img loading=\"lazy\" decoding=\"async\" width=\"1024\" height=\"382\" src=\"https:\/\/fornace.it\/articles\/wp-content\/uploads\/2020\/03\/Screenshot-2020-03-29-at-12.19.20-1024x382.png\" alt=\"\" class=\"wp-image-72\" srcset=\"https:\/\/fornacestudio.com\/articles\/wp-content\/uploads\/2020\/03\/Screenshot-2020-03-29-at-12.19.20-1024x382.png 1024w, https:\/\/fornacestudio.com\/articles\/wp-content\/uploads\/2020\/03\/Screenshot-2020-03-29-at-12.19.20-300x112.png 300w, https:\/\/fornacestudio.com\/articles\/wp-content\/uploads\/2020\/03\/Screenshot-2020-03-29-at-12.19.20-768x286.png 768w, https:\/\/fornacestudio.com\/articles\/wp-content\/uploads\/2020\/03\/Screenshot-2020-03-29-at-12.19.20-1536x572.png 1536w, https:\/\/fornacestudio.com\/articles\/wp-content\/uploads\/2020\/03\/Screenshot-2020-03-29-at-12.19.20-2048x763.png 2048w, https:\/\/fornacestudio.com\/articles\/wp-content\/uploads\/2020\/03\/Screenshot-2020-03-29-at-12.19.20-1200x447.png 1200w, https:\/\/fornacestudio.com\/articles\/wp-content\/uploads\/2020\/03\/Screenshot-2020-03-29-at-12.19.20-1980x738.png 1980w\" sizes=\"auto, (max-width: 1024px) 100vw, 1024px\" \/><\/figure>\n","protected":false},"excerpt":{"rendered":"<p>\u201dL\u2019opera umana pi\u00f9 bella \u00e8 di essere utile al prossimo.\u201d \u2013 Sofocle Il virus, nella sua micidiale crudelt\u00e0, ha esposto la grande solidariet\u00e0 delle persone. Per non lasciare nessuno indietro, tutti gli italiani &#8211; cittadini e non &#8211; hanno accettato di rinunciare alla propria libert\u00e0. Senza la retorica dei tempi di guerra. Senza richiami a [&hellip;]<\/p>\n","protected":false},"author":1,"featured_media":89,"parent":0,"menu_order":0,"comment_status":"closed","ping_status":"closed","template":"templates\/template-cover.php","meta":{"sfsi_plus_gutenberg_text_before_share":"","sfsi_plus_gutenberg_show_text_before_share":"","sfsi_plus_gutenberg_icon_type":"","sfsi_plus_gutenberg_icon_alignemt":"","sfsi_plus_gutenburg_max_per_row":"","footnotes":""},"class_list":["post-52","page","type-page","status-publish","has-post-thumbnail","hentry"],"yoast_head":"<!-- This site is optimized with the Yoast SEO plugin v27.3 - https:\/\/yoast.com\/product\/yoast-seo-wordpress\/ -->\n<title>Pi\u00f9 vicini - Fornace<\/title>\n<meta name=\"robots\" content=\"index, follow, max-snippet:-1, max-image-preview:large, max-video-preview:-1\" \/>\n<link rel=\"canonical\" href=\"https:\/\/fornacestudio.com\/articles\/piu-vicini\/\" \/>\n<meta property=\"og:locale\" content=\"it_IT\" \/>\n<meta property=\"og:type\" content=\"article\" \/>\n<meta property=\"og:title\" content=\"Pi\u00f9 vicini - Fornace\" \/>\n<meta property=\"og:description\" content=\"\u201dL\u2019opera umana pi\u00f9 bella \u00e8 di essere utile al prossimo.\u201d \u2013 Sofocle Il virus, nella sua micidiale crudelt\u00e0, ha esposto la grande solidariet\u00e0 delle persone. Per non lasciare nessuno indietro, tutti gli italiani &#8211; cittadini e non &#8211; hanno accettato di rinunciare alla propria libert\u00e0. Senza la retorica dei tempi di guerra. Senza richiami a [&hellip;]\" \/>\n<meta property=\"og:url\" content=\"https:\/\/fornacestudio.com\/articles\/piu-vicini\/\" \/>\n<meta property=\"og:site_name\" content=\"Fornace\" \/>\n<meta property=\"article:modified_time\" content=\"2020-03-29T13:05:05+00:00\" \/>\n<meta property=\"og:image\" content=\"https:\/\/fornacestudio.com\/articles\/wp-content\/uploads\/2020\/03\/banner_tuttobene.png\" \/>\n\t<meta property=\"og:image:width\" content=\"1025\" \/>\n\t<meta property=\"og:image:height\" content=\"600\" \/>\n\t<meta property=\"og:image:type\" content=\"image\/png\" \/>\n<meta name=\"twitter:card\" content=\"summary_large_image\" \/>\n<meta name=\"twitter:label1\" content=\"Tempo di lettura stimato\" \/>\n\t<meta name=\"twitter:data1\" content=\"2 minuti\" \/>\n<script type=\"application\/ld+json\" class=\"yoast-schema-graph\">{\"@context\":\"https:\\\/\\\/schema.org\",\"@graph\":[{\"@type\":\"WebPage\",\"@id\":\"https:\\\/\\\/fornacestudio.com\\\/articles\\\/piu-vicini\\\/\",\"url\":\"https:\\\/\\\/fornacestudio.com\\\/articles\\\/piu-vicini\\\/\",\"name\":\"Pi\u00f9 vicini - Fornace\",\"isPartOf\":{\"@id\":\"https:\\\/\\\/fornacestudio.com\\\/articles\\\/#website\"},\"primaryImageOfPage\":{\"@id\":\"https:\\\/\\\/fornacestudio.com\\\/articles\\\/piu-vicini\\\/#primaryimage\"},\"image\":{\"@id\":\"https:\\\/\\\/fornacestudio.com\\\/articles\\\/piu-vicini\\\/#primaryimage\"},\"thumbnailUrl\":\"https:\\\/\\\/fornacestudio.com\\\/articles\\\/wp-content\\\/uploads\\\/2020\\\/03\\\/banner_tuttobene.png\",\"datePublished\":\"2020-03-29T09:57:20+00:00\",\"dateModified\":\"2020-03-29T13:05:05+00:00\",\"breadcrumb\":{\"@id\":\"https:\\\/\\\/fornacestudio.com\\\/articles\\\/piu-vicini\\\/#breadcrumb\"},\"inLanguage\":\"it-IT\",\"potentialAction\":[{\"@type\":\"ReadAction\",\"target\":[\"https:\\\/\\\/fornacestudio.com\\\/articles\\\/piu-vicini\\\/\"]}]},{\"@type\":\"ImageObject\",\"inLanguage\":\"it-IT\",\"@id\":\"https:\\\/\\\/fornacestudio.com\\\/articles\\\/piu-vicini\\\/#primaryimage\",\"url\":\"https:\\\/\\\/fornacestudio.com\\\/articles\\\/wp-content\\\/uploads\\\/2020\\\/03\\\/banner_tuttobene.png\",\"contentUrl\":\"https:\\\/\\\/fornacestudio.com\\\/articles\\\/wp-content\\\/uploads\\\/2020\\\/03\\\/banner_tuttobene.png\",\"width\":1025,\"height\":600},{\"@type\":\"BreadcrumbList\",\"@id\":\"https:\\\/\\\/fornacestudio.com\\\/articles\\\/piu-vicini\\\/#breadcrumb\",\"itemListElement\":[{\"@type\":\"ListItem\",\"position\":1,\"name\":\"Home\",\"item\":\"https:\\\/\\\/fornacestudio.com\\\/articles\\\/\"},{\"@type\":\"ListItem\",\"position\":2,\"name\":\"Pi\u00f9 vicini\"}]},{\"@type\":\"WebSite\",\"@id\":\"https:\\\/\\\/fornacestudio.com\\\/articles\\\/#website\",\"url\":\"https:\\\/\\\/fornacestudio.com\\\/articles\\\/\",\"name\":\"Fornace\",\"description\":\"Articles &amp; news\",\"publisher\":{\"@id\":\"https:\\\/\\\/fornacestudio.com\\\/articles\\\/#organization\"},\"potentialAction\":[{\"@type\":\"SearchAction\",\"target\":{\"@type\":\"EntryPoint\",\"urlTemplate\":\"https:\\\/\\\/fornacestudio.com\\\/articles\\\/?s={search_term_string}\"},\"query-input\":{\"@type\":\"PropertyValueSpecification\",\"valueRequired\":true,\"valueName\":\"search_term_string\"}}],\"inLanguage\":\"it-IT\"},{\"@type\":\"Organization\",\"@id\":\"https:\\\/\\\/fornacestudio.com\\\/articles\\\/#organization\",\"name\":\"Fornace\",\"url\":\"https:\\\/\\\/fornacestudio.com\\\/articles\\\/\",\"logo\":{\"@type\":\"ImageObject\",\"inLanguage\":\"it-IT\",\"@id\":\"https:\\\/\\\/fornacestudio.com\\\/articles\\\/#\\\/schema\\\/logo\\\/image\\\/\",\"url\":\"https:\\\/\\\/fornacestudio.com\\\/articles\\\/wp-content\\\/uploads\\\/2020\\\/03\\\/Logo-Fornace-NEG@2x.png\",\"contentUrl\":\"https:\\\/\\\/fornacestudio.com\\\/articles\\\/wp-content\\\/uploads\\\/2020\\\/03\\\/Logo-Fornace-NEG@2x.png\",\"width\":720,\"height\":227,\"caption\":\"Fornace\"},\"image\":{\"@id\":\"https:\\\/\\\/fornacestudio.com\\\/articles\\\/#\\\/schema\\\/logo\\\/image\\\/\"}}]}<\/script>\n<!-- \/ Yoast SEO plugin. -->","yoast_head_json":{"title":"Pi\u00f9 vicini - Fornace","robots":{"index":"index","follow":"follow","max-snippet":"max-snippet:-1","max-image-preview":"max-image-preview:large","max-video-preview":"max-video-preview:-1"},"canonical":"https:\/\/fornacestudio.com\/articles\/piu-vicini\/","og_locale":"it_IT","og_type":"article","og_title":"Pi\u00f9 vicini - Fornace","og_description":"\u201dL\u2019opera umana pi\u00f9 bella \u00e8 di essere utile al prossimo.\u201d \u2013 Sofocle Il virus, nella sua micidiale crudelt\u00e0, ha esposto la grande solidariet\u00e0 delle persone. Per non lasciare nessuno indietro, tutti gli italiani &#8211; cittadini e non &#8211; hanno accettato di rinunciare alla propria libert\u00e0. Senza la retorica dei tempi di guerra. Senza richiami a [&hellip;]","og_url":"https:\/\/fornacestudio.com\/articles\/piu-vicini\/","og_site_name":"Fornace","article_modified_time":"2020-03-29T13:05:05+00:00","og_image":[{"width":1025,"height":600,"url":"https:\/\/fornacestudio.com\/articles\/wp-content\/uploads\/2020\/03\/banner_tuttobene.png","type":"image\/png"}],"twitter_card":"summary_large_image","twitter_misc":{"Tempo di lettura stimato":"2 minuti"},"schema":{"@context":"https:\/\/schema.org","@graph":[{"@type":"WebPage","@id":"https:\/\/fornacestudio.com\/articles\/piu-vicini\/","url":"https:\/\/fornacestudio.com\/articles\/piu-vicini\/","name":"Pi\u00f9 vicini - Fornace","isPartOf":{"@id":"https:\/\/fornacestudio.com\/articles\/#website"},"primaryImageOfPage":{"@id":"https:\/\/fornacestudio.com\/articles\/piu-vicini\/#primaryimage"},"image":{"@id":"https:\/\/fornacestudio.com\/articles\/piu-vicini\/#primaryimage"},"thumbnailUrl":"https:\/\/fornacestudio.com\/articles\/wp-content\/uploads\/2020\/03\/banner_tuttobene.png","datePublished":"2020-03-29T09:57:20+00:00","dateModified":"2020-03-29T13:05:05+00:00","breadcrumb":{"@id":"https:\/\/fornacestudio.com\/articles\/piu-vicini\/#breadcrumb"},"inLanguage":"it-IT","potentialAction":[{"@type":"ReadAction","target":["https:\/\/fornacestudio.com\/articles\/piu-vicini\/"]}]},{"@type":"ImageObject","inLanguage":"it-IT","@id":"https:\/\/fornacestudio.com\/articles\/piu-vicini\/#primaryimage","url":"https:\/\/fornacestudio.com\/articles\/wp-content\/uploads\/2020\/03\/banner_tuttobene.png","contentUrl":"https:\/\/fornacestudio.com\/articles\/wp-content\/uploads\/2020\/03\/banner_tuttobene.png","width":1025,"height":600},{"@type":"BreadcrumbList","@id":"https:\/\/fornacestudio.com\/articles\/piu-vicini\/#breadcrumb","itemListElement":[{"@type":"ListItem","position":1,"name":"Home","item":"https:\/\/fornacestudio.com\/articles\/"},{"@type":"ListItem","position":2,"name":"Pi\u00f9 vicini"}]},{"@type":"WebSite","@id":"https:\/\/fornacestudio.com\/articles\/#website","url":"https:\/\/fornacestudio.com\/articles\/","name":"Fornace","description":"Articles &amp; news","publisher":{"@id":"https:\/\/fornacestudio.com\/articles\/#organization"},"potentialAction":[{"@type":"SearchAction","target":{"@type":"EntryPoint","urlTemplate":"https:\/\/fornacestudio.com\/articles\/?s={search_term_string}"},"query-input":{"@type":"PropertyValueSpecification","valueRequired":true,"valueName":"search_term_string"}}],"inLanguage":"it-IT"},{"@type":"Organization","@id":"https:\/\/fornacestudio.com\/articles\/#organization","name":"Fornace","url":"https:\/\/fornacestudio.com\/articles\/","logo":{"@type":"ImageObject","inLanguage":"it-IT","@id":"https:\/\/fornacestudio.com\/articles\/#\/schema\/logo\/image\/","url":"https:\/\/fornacestudio.com\/articles\/wp-content\/uploads\/2020\/03\/Logo-Fornace-NEG@2x.png","contentUrl":"https:\/\/fornacestudio.com\/articles\/wp-content\/uploads\/2020\/03\/Logo-Fornace-NEG@2x.png","width":720,"height":227,"caption":"Fornace"},"image":{"@id":"https:\/\/fornacestudio.com\/articles\/#\/schema\/logo\/image\/"}}]}},"jetpack_sharing_enabled":true,"_links":{"self":[{"href":"https:\/\/fornacestudio.com\/articles\/wp-json\/wp\/v2\/pages\/52","targetHints":{"allow":["GET"]}}],"collection":[{"href":"https:\/\/fornacestudio.com\/articles\/wp-json\/wp\/v2\/pages"}],"about":[{"href":"https:\/\/fornacestudio.com\/articles\/wp-json\/wp\/v2\/types\/page"}],"author":[{"embeddable":true,"href":"https:\/\/fornacestudio.com\/articles\/wp-json\/wp\/v2\/users\/1"}],"replies":[{"embeddable":true,"href":"https:\/\/fornacestudio.com\/articles\/wp-json\/wp\/v2\/comments?post=52"}],"version-history":[{"count":14,"href":"https:\/\/fornacestudio.com\/articles\/wp-json\/wp\/v2\/pages\/52\/revisions"}],"predecessor-version":[{"id":83,"href":"https:\/\/fornacestudio.com\/articles\/wp-json\/wp\/v2\/pages\/52\/revisions\/83"}],"wp:featuredmedia":[{"embeddable":true,"href":"https:\/\/fornacestudio.com\/articles\/wp-json\/wp\/v2\/media\/89"}],"wp:attachment":[{"href":"https:\/\/fornacestudio.com\/articles\/wp-json\/wp\/v2\/media?parent=52"}],"curies":[{"name":"wp","href":"https:\/\/api.w.org\/{rel}","templated":true}]}}